{"id":673,"date":"2023-10-16T09:21:09","date_gmt":"2023-10-16T07:21:09","guid":{"rendered":"https:\/\/eco-nest.eu\/?page_id=673"},"modified":"2023-11-16T08:10:22","modified_gmt":"2023-11-16T07:10:22","slug":"kontakt-2","status":"publish","type":"page","link":"https:\/\/eco-nest.eu\/index.php\/de\/kontakt-2\/","title":{"rendered":"Kontakt"},"content":{"rendered":"<section class=\"l-section wpb_row us_custom_4f4433e4 navbar hide_on_tablets hide_on_mobiles height_auto width_full\"><div class=\"l-section-h i-cf\"><div class=\"g-cols vc_row via_grid cols_1 laptops-cols_inherit tablets-cols_inherit mobiles-cols_1 valign_top type_default stacking_default\"><div class=\"wpb_column vc_column_container type_sticky\"><div class=\"vc_column-inner\"><div class=\"w-hwrapper underline-container valign_top align_none\"><div class=\"w-image us_custom_751914c3 align_none\"><a href=\"https:\/\/eco-nest.eu\/index.php\/de\/econest-deutsch\" aria-label=\"Link\" class=\"w-image-h\"><img loading=\"lazy\" decoding=\"async\" width=\"1024\" height=\"403\" src=\"https:\/\/eco-nest.eu\/wp-content\/uploads\/2023\/09\/econes-zielone.png\" class=\"attachment-large size-large\" alt=\"\" srcset=\"https:\/\/eco-nest.eu\/wp-content\/uploads\/2023\/09\/econes-zielone.png 1024w, https:\/\/eco-nest.eu\/wp-content\/uploads\/2023\/09\/econes-zielone-300x118.png 300w\" sizes=\"auto, (max-width: 1024px) 100vw, 1024px\" \/><\/a><\/div><div class=\"w-text navbar-link\"><a href=\"https:\/\/eco-nest.eu\/index.php\/de\/econest-deutsch\/#onas\" class=\"w-text-h\"><span class=\"w-text-value\">\u00dcber uns<\/span><\/a><\/div><div class=\"w-text navbar-link\"><a href=\"https:\/\/eco-nest.eu\/index.php\/de\/econest-deutsch\/#oferta\" class=\"w-text-h\"><span class=\"w-text-value\">Services und L\u00f6sungen<\/span><\/a><\/div><div class=\"w-text navbar-link\"><a href=\"https:\/\/eco-nest.eu\/index.php\/de\/kontakt-2\" class=\"w-text-h\"><span class=\"w-text-value\">Kontakt<\/span><\/a><\/div><div class=\"w-image us_custom_751914c3 align_none\"><a href=\"https:\/\/osc-group.eu\/\" aria-label=\"Link\" class=\"w-image-h\"><img loading=\"lazy\" decoding=\"async\" width=\"1024\" height=\"509\" src=\"https:\/\/eco-nest.eu\/wp-content\/uploads\/2023\/08\/OSC-GMBH-LOGO-RGB-KON-1024x509.png\" class=\"attachment-large size-large\" alt=\"\" srcset=\"https:\/\/eco-nest.eu\/wp-content\/uploads\/2023\/08\/OSC-GMBH-LOGO-RGB-KON-1024x509.png 1024w, https:\/\/eco-nest.eu\/wp-content\/uploads\/2023\/08\/OSC-GMBH-LOGO-RGB-KON-300x149.png 300w, https:\/\/eco-nest.eu\/wp-content\/uploads\/2023\/08\/OSC-GMBH-LOGO-RGB-KON.png 1182w\" sizes=\"auto, (max-width: 1024px) 100vw, 1024px\" \/><\/a><\/div><div class=\"wpb_text_column\"><div class=\"wpb_wrapper\"><div id=\"przelacznik_jezykow\"><span style=\"margin-right: 10px;\"><b>DE<\/b><\/span> <a href=\"https:\/\/eco-nest.eu\/\">EN<\/a><\/div>\n<\/div><\/div><\/div><\/div><\/div><\/div><\/div><\/section><section class=\"l-section wpb_row us_custom_a2e235db navbar mobile-navbar height_auto width_full\"><div class=\"l-section-h i-cf\"><div class=\"g-cols vc_row via_grid cols_1 laptops-cols_inherit tablets-cols_inherit mobiles-cols_1 valign_top type_default stacking_default\"><div class=\"wpb_column vc_column_container us_custom_6607dea5\"><div class=\"vc_column-inner\"><div class=\"w-hwrapper valign_top align_none\"><div class=\"w-image us_custom_751914c3 align_none\"><a href=\"https:\/\/eco-nest.eu\/\" aria-label=\"Link\" class=\"w-image-h\"><img loading=\"lazy\" decoding=\"async\" width=\"1024\" height=\"509\" src=\"https:\/\/eco-nest.eu\/wp-content\/uploads\/2023\/08\/OSC-GMBH-LOGO-RGB-1024x509.png\" class=\"attachment-large size-large\" alt=\"\" srcset=\"https:\/\/eco-nest.eu\/wp-content\/uploads\/2023\/08\/OSC-GMBH-LOGO-RGB-1024x509.png 1024w, https:\/\/eco-nest.eu\/wp-content\/uploads\/2023\/08\/OSC-GMBH-LOGO-RGB-300x149.png 300w, https:\/\/eco-nest.eu\/wp-content\/uploads\/2023\/08\/OSC-GMBH-LOGO-RGB.png 1182w\" sizes=\"auto, (max-width: 1024px) 100vw, 1024px\" \/><\/a><\/div><div class=\"w-html us_custom_7c6ec5a2\"><style>\n.displayNone{\n    display:none;\n}\n.mobile-menu-container{\n    position:fixed;\n    top:0;\n    left:0;\n    right:0;\n    bottom:0;\nbackground-color:#26291C;\n    margin:0;\n    padding:0;\n}\n.mobile-menu-links{\n    list-style:none;\n    margin-top: 72px;\n    margin-left:16px;\n    padding:0;\n}\n.mobile-menu-links li{\n\n}\n.mobile-menu-container-contact{\n    font-size:16px !important;\n    line-height:27px !important;\n    text-decoration:underline !important;\n\n}\n.mobile-menu-links a{\n    line-height:64px;\nfont-size:39px;\n    text-decoration:none;\n    color:#FDFDFB;\n    text-align:center;\n}\n.hamburger-menu{\n    width:40px;\n    height:33px;\n\tcolor:#fefefe;\n}\n.close-mobile-menu{\n    width:20px;\n    height:20px;\n    color:#FFFFFF;\n    position:absolute;\n    top:28px;\n    right:26px;\n    cursor:pointer;\n}\n.flex-col{\n    display:flex; \n     flex-direction: column;\n}\n<\/style> \n<div class=\"hamburger-menu\" onclick=\"toggleMobileMenu()\">\n      <svg\n        xmlns=\"http:\/\/www.w3.org\/2000\/svg\"\n        fill=\"none\"\n        viewBox=\"0 0 24 24\"\n        stroke-width=\"1.5\"\n        stroke=\"currentColor\"\n        class=\"w-6 h-6\"\n      >\n        <path\n          stroke-linecap=\"round\"\n          stroke-linejoin=\"round\"\n          d=\"M3.75 6.75h16.5M3.75 12h16.5m-16.5 5.25h16.5\"\n        \/>\n      <\/svg>\n    <\/div>\n    <div class=\"mobile-menu-container displayNone\">\n      <div onclick=\"toggleMobileMenu()\" class=\"close-mobile-menu\">\n        <svg\n          xmlns=\"http:\/\/www.w3.org\/2000\/svg\"\n          fill=\"none\"\n          viewBox=\"0 0 24 24\"\n          stroke-width=\"1.5\"\n          stroke=\"currentColor\"\n          class=\"w-6 h-6\"\n        >\n          <path\n            stroke-linecap=\"round\"\n            stroke-linejoin=\"round\"\n            d=\"M6 18L18 6M6 6l12 12\"\n          \/>\n        <\/svg>\n      <\/div>\n      <ul class=\"mobile-menu-links\">\n        <li><a href=\"https:\/\/eco-nest.eu\/index.php\/de\/econest-deutsch\/#onas\" onclick=\"toggleMobileMenu()\">\u00dcber uns<\/a><\/li>\n        <li><a href=\"https:\/\/eco-nest.eu\/index.php\/de\/econest-deutsch\/#oferta\" onclick=\"toggleMobileMenu()\">Services und L\u00f6sungen<\/a><\/li>\n        <li><a href=\"https:\/\/eco-nest.eu\/index.php\/de\/kontakt-2\/\" onclick=\"toggleMobileMenu()\">Contact<\/a><\/li>\n\t\t  <li><a href=\"https:\/\/osc-group.eu\/\" onclick=\"toggleMobileMenu()\">OSC<\/a><\/li>\n<li><a href=\"https:\/\/eco-nest.eu\/\" onclick=\"toggleMobileMenu()\">EN<\/a><\/li>\n\n\n        <li style=\"margin-top: 48px; margin-bottom: 4px\">\n          <a class=\"mobile-menu-container-contact\">M: 123 456 789<\/a>\n        <\/li>\n        <li>\n          <a class=\"mobile-menu-container-contact\">E: kontakt@oscgmbh.pl<\/a>\n        <\/li>\n      <\/ul>\n    <\/div>\n    <script>const mobileMenu = document.querySelector(\".mobile-menu-container\")\n\n\nfunction toggleMobileMenu(){\nif(mobileMenu.classList.contains(\"displayNone\")){\n    mobileMenu.classList.remove(\"displayNone\")\n    mobileMenu.classList.add(\"flex-col\")\n}\nelse{\n    mobileMenu.classList.add(\"displayNone\")\n    mobileMenu.classList.remove(\"flex-col\")\n}\n\n}<\/script><\/div><\/div><\/div><\/div><\/div><\/div><\/section><section class=\"l-section wpb_row us_custom_ef5daae7 section1-contact height_auto width_full\"><div class=\"l-section-h i-cf\"><div class=\"g-cols vc_row via_grid cols_1 laptops-cols_inherit tablets-cols_inherit mobiles-cols_1 valign_top type_default stacking_default\"><div class=\"wpb_column vc_column_container\"><div class=\"vc_column-inner\"><h3 class=\"w-text us_custom_01888bbd section1-contact-header has_text_color\"><span class=\"w-text-h\"><span class=\"w-text-value\">Unsere Standorte<\/span><\/span><\/h3><div class=\"w-hwrapper hide_on_mobiles valign_top align_none\" style=\"--hwrapper-gap:20px\"><div class=\"w-vwrapper us_custom_75e2102a align_none valign_top\"><h5 class=\"w-text us_custom_2a230d69 section1-services-headers has_text_color\"><span class=\"w-text-h\"><span class=\"w-text-value\">OSC GmbH<\/span><\/span><\/h5><div class=\"w-text us_custom_5d788d99 section1-contact-links\"><span class=\"w-text-h\"><span class=\"w-text-value\">Tax nr. DE 320579590<\/span><\/span><\/div><div class=\"w-text us_custom_da829932 section1-contact-links\"><span class=\"w-text-h\"><span class=\"w-text-value\">office@osc-de.eu<\/span><\/span><\/div><div class=\"w-text\"><span class=\"w-text-h\"><span class=\"w-text-value\">Daruper Srt. 2 48727 Billerbeck Germany<\/span><\/span><\/div><div class=\"w-text section1-services-description\"><span class=\"w-text-h\"><span class=\"w-text-value\">Mobile DE: +49 176 7000 8276<br \/>\nMobile EN: +48 881 222 188<\/span><\/span><\/div><\/div><\/div><div class=\"g-cols wpb_row hide_on_default hide_on_laptops hide_on_tablets via_grid cols_3 laptops-cols_inherit tablets-cols_inherit mobiles-cols_1 valign_top type_default stacking_default\" style=\"--gap:40px;\"><div class=\"wpb_column vc_column_container section1-contact-services\"><div class=\"vc_column-inner\"><h5 class=\"w-text us_custom_2a230d69 section1-services-headers has_text_color\"><span class=\"w-text-h\"><span class=\"w-text-value\">OSC GmbH<\/span><\/span><\/h5><div class=\"w-text section1-services-description\"><span class=\"w-text-h\"><span class=\"w-text-value\">Tax nr. DE 320579590<\/span><\/span><\/div><div class=\"w-text us_custom_5d788d99 section1-contact-links\"><span class=\"w-text-h\"><span class=\"w-text-value\">Mobile DE: +49 176 7000 8276<br \/>\nMobile EN: +48 881 222 188<\/span><\/span><\/div><div class=\"w-text us_custom_da829932 section1-contact-links\"><span class=\"w-text-h\"><span class=\"w-text-value\">E: office@osc-de.eu<\/span><\/span><\/div><div class=\"w-text\"><span class=\"w-text-h\"><span class=\"w-text-value\">Daruper Srt. 2 48727 Billerbeck Germany<\/span><\/span><\/div><\/div><\/div><div class=\"wpb_column vc_column_container section1-contact-services\"><div class=\"vc_column-inner\"><\/div><\/div><\/div><\/div><\/div><\/div><\/div><\/section><section class=\"l-section wpb_row us_custom_31376e5f section2-contact has_text_color height_auto width_full\"><div class=\"l-section-h i-cf\"><div class=\"g-cols vc_row via_grid cols_1 laptops-cols_inherit tablets-cols_inherit mobiles-cols_1 valign_top type_default stacking_default\"><div class=\"wpb_column vc_column_container\"><div class=\"vc_column-inner\"><h5 class=\"w-text us_custom_07960d64 section2-header\"><span class=\"w-text-h\"><span class=\"w-text-value\">Finden Sie uns<\/span><\/span><\/h5><div class=\"w-text\"><span class=\"w-text-h\"><span class=\"w-text-value\"><\/span><\/span><\/div><div class=\"w-html section2-map\"><div class=\"builder-edit-map-button\">\n\n<\/div>\n<!--\n<iframe src=\"https:\/\/www.google.com\/maps\/embed?pb=!1m18!1m12!1m3!1d2443.6026756558135!2d20.975359776663762!3d52.23243607198715!2m3!1f0!2f0!3f0!3m2!1i1024!2i768!4f13.1!3m3!1m2!1s0x471ecc9d32700001%3A0x73e368b918fe1f73!2sGrzybowska%2087%2C%2000-844%20Warszawa!5e0!3m2!1spl!2spl!4v1695622780022!5m2!1spl!2spl\" height=\"100%\"\n\twidth=\"100%\"\tstyle=\"border:0; border-radius:25px;\" allowfullscreen=\"\" loading=\"lazy\" referrerpolicy=\"no-referrer-when-downgrade\"><\/iframe>-->\n\n<iframe src=\"https:\/\/www.google.com\/maps\/embed?pb=!1m18!1m12!1m3!1d2457.960425240429!2d7.2830596!3d51.9711463!2m3!1f0!2f0!3f0!3m2!1i1024!2i768!4f13.1!3m3!1m2!1s0x47b84df40218d843%3A0x53df140983d200ad!2sDaruper%20Str.%202%2C%2048727%20Billerbeck%2C%20Niemcy!5e0!3m2!1spl!2spl!4v1699876377626!5m2!1spl!2spl\" height=\"100%\"\n\twidth=\"100%\"\tstyle=\"border:0; border-radius:25px;\" allowfullscreen=\"\" loading=\"lazy\" referrerpolicy=\"no-referrer-when-downgrade\"><\/iframe>\n\t\t<\/div><\/div><\/div><\/div><\/div><\/section><section class=\"l-section wpb_row us_custom_d1a2fd4f height_auto\"><div class=\"l-section-h i-cf\"><div class=\"g-cols vc_row via_grid cols_1 laptops-cols_inherit tablets-cols_inherit mobiles-cols_1 valign_top type_default stacking_default\"><div class=\"wpb_column vc_column_container\"><div class=\"vc_column-inner\"><h1 class=\"w-text us_custom_02d02dba has_text_color\"><span class=\"w-text-h\"><span class=\"w-text-value\">Kontakt Formular<\/span><\/span><\/h1><form class=\"w-form  us_custom_22fa3828 contact-form has_text_color layout_ver for_cform us_form_1\" autocomplete=\"off\" action=\"https:\/\/eco-nest.eu\/index.php\/wp-json\/wp\/v2\/pages\/673\" method=\"post\"><div class=\"w-form-h\"><div class=\"w-form-row for_text required\">\r\n\t\t<div class=\"w-form-row-field\">\r\n\t\t\t\t\t\t<input aria-label=\"Name\" type=\"text\" name=\"us_form_1_text_1\" value placeholder=\"Name *\" data-required=\"true\" aria-required=\"true\"\/>\r\n\t\t\t<\/div>\r\n\t\t<div class=\"w-form-row-state\">Fill out this field<\/div>\r\n<\/div>\r\n<div class=\"w-form-row for_text required\">\r\n\t\t<div class=\"w-form-row-field\">\r\n\t\t\t\t\t\t<input aria-label=\"Nachname\" type=\"text\" name=\"us_form_1_text_2\" value placeholder=\"Nachname *\" data-required=\"true\" aria-required=\"true\"\/>\r\n\t\t\t<\/div>\r\n\t\t<div class=\"w-form-row-state\">Fill out this field<\/div>\r\n<\/div>\r\n<div class=\"w-form-row for_email required\">\r\n\t\t<div class=\"w-form-row-field\">\r\n\t\t\t\t\t\t<input aria-label=\"Email\" type=\"email\" name=\"us_form_1_email_1\" value placeholder=\"Email *\" data-required=\"true\" aria-required=\"true\"\/>\r\n\t\t\t<\/div>\r\n\t\t<div class=\"w-form-row-state\">Please enter a valid email address.<\/div>\r\n<\/div>\r\n<div class=\"w-form-row for_text required\">\r\n\t\t<div class=\"w-form-row-field\">\r\n\t\t\t\t\t\t<input aria-label=\"Telefonnummer\" inputmode=\"numeric\" type=\"text\" name=\"us_form_1_text_3\" value placeholder=\"Telefonnummer *\" data-required=\"true\" aria-required=\"true\"\/>\r\n\t\t\t<\/div>\r\n\t\t<div class=\"w-form-row-state\">Fill out this field<\/div>\r\n<\/div>\r\n<div class=\"w-form-row for_textarea\">\r\n\t\t<div class=\"w-form-row-field\">\r\n\t\t\t\t\t\t<textarea aria-label=\" Nachricht\" name=\"us_form_1_textarea_1\" placeholder=\" Nachricht\"><\/textarea>\r\n\t\t\t<\/div>\r\n\t\t<div class=\"w-form-row-state\">Fill out this field<\/div>\r\n<\/div>\r\n<div class=\"w-form-row for_agreement required\">\r\n\t\t<div class=\"w-form-row-field\">\r\n\t\t\t\t<label>\r\n\t\t\t<input type=\"checkbox\" value=\"1\" data-required=\"true\" aria-required=\"true\" name=\"us_form_1_agreement_1\"\/>\r\n\t\t\t<span>Ich bin damit einverstanden, dass meine Daten gem\u00e4\u00df der Datenschutzrichtlinie von Mute direkt von Mute verarbeitet oder an einen <br\/>Vertriebsmitarbeiter in meiner N\u00e4he weitergegeben werden.<\/span>\r\n\t\t<\/label>\r\n\t\t\t<\/div>\r\n\t\t<div class=\"w-form-row-state\">You need to agree with the terms to proceed<\/div>\r\n<\/div>\r\n<input type=\"hidden\" name=\"action\" value=\"us_ajax_cform\" \/>\r\n<input type=\"hidden\" name=\"post_id\" value=\"0\" \/>\r\n<input type=\"hidden\" name=\"form_index\" value=\"1\" \/>\r\n<div class=\"w-form-row for_submit  align_none\">\r\n\t<button class=\"w-btn  us-btn-style_2\" aria-label=\"Nachricht senden\" type=\"submit\">\r\n\t\t<span class=\"g-preloader type_1\"><\/span>\r\n\t\t\t\t<span class=\"w-btn-label\">Nachricht senden<\/span>\r\n\t\t\t<\/button>\r\n\t<\/div>\r\n<\/div><div class=\"w-form-message\"><\/div><div class=\"w-form-json hidden\" onclick='return {&quot;ajaxurl&quot;:&quot;https:\\\/\\\/eco-nest.eu\\\/wp-admin\\\/admin-ajax.php&quot;,&quot;messages&quot;:{&quot;err_empty&quot;:&quot;Fill out this field&quot;,&quot;err_size&quot;:&quot;File size cannot exceed %s MB&quot;,&quot;err_extension&quot;:&quot;%s file type is not allowed&quot;}}'><\/div><\/form><\/div><\/div><\/div><\/div><\/section>\n","protected":false},"excerpt":{"rendered":"\u00dcber unsServices und L\u00f6sungenKontakt DE EN \u00dcber uns Services und L\u00f6sungen Contact OSC EN M: 123 456 789 E: kontakt@oscgmbh.pl Unsere StandorteOSC GmbHTax nr. DE 320579590office@osc-de.euDaruper Srt. 2 48727 Billerbeck GermanyMobile DE: +49 176 7000 8276 Mobile EN: +48 881 222 188OSC GmbHTax nr. DE 320579590Mobile DE: +49 176 7000 8276 Mobile EN: +48 881...","protected":false},"author":2,"featured_media":0,"parent":0,"menu_order":0,"comment_status":"closed","ping_status":"closed","template":"","meta":{"inline_featured_image":false,"footnotes":""},"class_list":["post-673","page","type-page","status-publish","hentry"],"yoast_head":"<!-- This site is optimized with the Yoast SEO plugin v23.4 - https:\/\/yoast.com\/wordpress\/plugins\/seo\/ -->\n<title>Kontakt - econest<\/title>\n<meta name=\"robots\" content=\"index, follow, max-snippet:-1, max-image-preview:large, max-video-preview:-1\" \/>\n<link rel=\"canonical\" href=\"https:\/\/eco-nest.eu\/index.php\/de\/kontakt-2\/\" \/>\n<meta property=\"og:locale\" content=\"en_US\" \/>\n<meta property=\"og:type\" content=\"article\" \/>\n<meta property=\"og:title\" content=\"Kontakt - econest\" \/>\n<meta property=\"og:url\" content=\"https:\/\/eco-nest.eu\/index.php\/de\/kontakt-2\/\" \/>\n<meta property=\"og:site_name\" content=\"econest\" \/>\n<meta property=\"article:modified_time\" content=\"2023-11-16T07:10:22+00:00\" \/>\n<meta name=\"twitter:card\" content=\"summary_large_image\" \/>\n<meta name=\"twitter:label1\" content=\"Est. reading time\" \/>\n\t<meta name=\"twitter:data1\" content=\"8 minutes\" \/>\n<script type=\"application\/ld+json\" class=\"yoast-schema-graph\">{\"@context\":\"https:\/\/schema.org\",\"@graph\":[{\"@type\":\"WebPage\",\"@id\":\"https:\/\/eco-nest.eu\/index.php\/de\/kontakt-2\/\",\"url\":\"https:\/\/eco-nest.eu\/index.php\/de\/kontakt-2\/\",\"name\":\"Kontakt - econest\",\"isPartOf\":{\"@id\":\"https:\/\/eco-nest.eu\/#website\"},\"datePublished\":\"2023-10-16T07:21:09+00:00\",\"dateModified\":\"2023-11-16T07:10:22+00:00\",\"breadcrumb\":{\"@id\":\"https:\/\/eco-nest.eu\/index.php\/de\/kontakt-2\/#breadcrumb\"},\"inLanguage\":\"en-US\",\"potentialAction\":[{\"@type\":\"ReadAction\",\"target\":[\"https:\/\/eco-nest.eu\/index.php\/de\/kontakt-2\/\"]}]},{\"@type\":\"BreadcrumbList\",\"@id\":\"https:\/\/eco-nest.eu\/index.php\/de\/kontakt-2\/#breadcrumb\",\"itemListElement\":[{\"@type\":\"ListItem\",\"position\":1,\"name\":\"Home\",\"item\":\"https:\/\/eco-nest.eu\/\"},{\"@type\":\"ListItem\",\"position\":2,\"name\":\"Kontakt\"}]},{\"@type\":\"WebSite\",\"@id\":\"https:\/\/eco-nest.eu\/#website\",\"url\":\"https:\/\/eco-nest.eu\/\",\"name\":\"econest\",\"description\":\"\",\"potentialAction\":[{\"@type\":\"SearchAction\",\"target\":{\"@type\":\"EntryPoint\",\"urlTemplate\":\"https:\/\/eco-nest.eu\/?s={search_term_string}\"},\"query-input\":{\"@type\":\"PropertyValueSpecification\",\"valueRequired\":true,\"valueName\":\"search_term_string\"}}],\"inLanguage\":\"en-US\"}]}<\/script>\n<!-- \/ Yoast SEO plugin. -->","yoast_head_json":{"title":"Kontakt - econest","robots":{"index":"index","follow":"follow","max-snippet":"max-snippet:-1","max-image-preview":"max-image-preview:large","max-video-preview":"max-video-preview:-1"},"canonical":"https:\/\/eco-nest.eu\/index.php\/de\/kontakt-2\/","og_locale":"en_US","og_type":"article","og_title":"Kontakt - econest","og_url":"https:\/\/eco-nest.eu\/index.php\/de\/kontakt-2\/","og_site_name":"econest","article_modified_time":"2023-11-16T07:10:22+00:00","twitter_card":"summary_large_image","twitter_misc":{"Est. reading time":"8 minutes"},"schema":{"@context":"https:\/\/schema.org","@graph":[{"@type":"WebPage","@id":"https:\/\/eco-nest.eu\/index.php\/de\/kontakt-2\/","url":"https:\/\/eco-nest.eu\/index.php\/de\/kontakt-2\/","name":"Kontakt - econest","isPartOf":{"@id":"https:\/\/eco-nest.eu\/#website"},"datePublished":"2023-10-16T07:21:09+00:00","dateModified":"2023-11-16T07:10:22+00:00","breadcrumb":{"@id":"https:\/\/eco-nest.eu\/index.php\/de\/kontakt-2\/#breadcrumb"},"inLanguage":"en-US","potentialAction":[{"@type":"ReadAction","target":["https:\/\/eco-nest.eu\/index.php\/de\/kontakt-2\/"]}]},{"@type":"BreadcrumbList","@id":"https:\/\/eco-nest.eu\/index.php\/de\/kontakt-2\/#breadcrumb","itemListElement":[{"@type":"ListItem","position":1,"name":"Home","item":"https:\/\/eco-nest.eu\/"},{"@type":"ListItem","position":2,"name":"Kontakt"}]},{"@type":"WebSite","@id":"https:\/\/eco-nest.eu\/#website","url":"https:\/\/eco-nest.eu\/","name":"econest","description":"","potentialAction":[{"@type":"SearchAction","target":{"@type":"EntryPoint","urlTemplate":"https:\/\/eco-nest.eu\/?s={search_term_string}"},"query-input":{"@type":"PropertyValueSpecification","valueRequired":true,"valueName":"search_term_string"}}],"inLanguage":"en-US"}]}},"_links":{"self":[{"href":"https:\/\/eco-nest.eu\/index.php\/wp-json\/wp\/v2\/pages\/673","targetHints":{"allow":["GET"]}}],"collection":[{"href":"https:\/\/eco-nest.eu\/index.php\/wp-json\/wp\/v2\/pages"}],"about":[{"href":"https:\/\/eco-nest.eu\/index.php\/wp-json\/wp\/v2\/types\/page"}],"author":[{"embeddable":true,"href":"https:\/\/eco-nest.eu\/index.php\/wp-json\/wp\/v2\/users\/2"}],"replies":[{"embeddable":true,"href":"https:\/\/eco-nest.eu\/index.php\/wp-json\/wp\/v2\/comments?post=673"}],"version-history":[{"count":13,"href":"https:\/\/eco-nest.eu\/index.php\/wp-json\/wp\/v2\/pages\/673\/revisions"}],"predecessor-version":[{"id":795,"href":"https:\/\/eco-nest.eu\/index.php\/wp-json\/wp\/v2\/pages\/673\/revisions\/795"}],"wp:attachment":[{"href":"https:\/\/eco-nest.eu\/index.php\/wp-json\/wp\/v2\/media?parent=673"}],"curies":[{"name":"wp","href":"https:\/\/api.w.org\/{rel}","templated":true}]}}